{"id":1403,"date":"2020-01-08T14:44:02","date_gmt":"2020-01-08T14:44:02","guid":{"rendered":"https:\/\/staging.appartementzeeuwsvlaanderen.nl\/?page_id=1403"},"modified":"2022-07-23T10:31:12","modified_gmt":"2022-07-23T09:31:12","slug":"cookie-richtlinien","status":"publish","type":"page","link":"https:\/\/staging.appartementzeeuwsvlaanderen.nl\/de\/cookie-richtlinien\/","title":{"rendered":"Cookie-Richtlinien"},"content":{"rendered":"<p>[et_pb_section fb_built=&#8220;1&#8243; _builder_version=&#8220;3.22&#8243;][et_pb_row _builder_version=&#8220;3.25&#8243; background_size=&#8220;initial&#8220; background_position=&#8220;top_left&#8220; background_repeat=&#8220;repeat&#8220;][et_pb_column type=&#8220;4_4&#8243; _builder_version=&#8220;4.0.11&#8243;][et_pb_text _builder_version=&#8220;4.0.11&#8243;]<\/p>\n<p>[yoast-breadcrumb]<\/p>\n<p>[\/et_pb_text][\/et_pb_column][\/et_pb_row][et_pb_row _builder_version=&#8220;3.25&#8243; background_size=&#8220;initial&#8220; background_position=&#8220;top_left&#8220; background_repeat=&#8220;repeat&#8220;][et_pb_column type=&#8220;4_4&#8243; _builder_version=&#8220;3.25&#8243; custom_padding=&#8220;|||&#8220; custom_padding__hover=&#8220;|||&#8220;][et_pb_text _builder_version=&#8220;4.0.11&#8243; z_index_tablet=&#8220;500&#8243;]<\/p>\n<h1>Cookie-Richtlinien<\/h1>\n<p>Appartement &#8222;De Graanzolder&#8220;\u00c2\u00a0verwendet verschiedene Arten von Cookies (kleine Textdateien, die auf Ihrem Ger\u00c3\u00a4t abgelegt werden) und \u00c3\u00a4hnliche Technologien zur Erhebung von Daten, die zur Erbringung unserer Leistungen erforderlich sind.<\/p>\n<p>Mit Cookies k\u00c3\u00b6nnen wir u. a.: Ihre Pr\u00c3\u00a4ferenzen und Einstellungen speichern, Betrug vorbeugen, ein Kontaktformular aufnehmen, Soziale Medien integrieren und die Leistungen unserer Website und Online-Services analysieren.<\/p>\n<p>F\u00c3\u00bcr das Ablegen funktionaler Cookies und die begrenzte Nutzung analytischer Cookies, die u. a. zur Erbringung einer Dienstleistung erforderlich sind, braucht Appartement &#8222;De Graanzolder&#8220; im Voraus keine Zustimmung von Ihnen als Besucher einzuholen. Funktionale Cookies sind beispielsweise Dateien, die erfassen, was sich in einem digitalen Warenkorb befindet. Analytische Cookies werden beispielsweise zur Erfassung der Besucherzahlen und zur Optimierung der Website verwendet. Diese Cookies d\u00c3\u00bcrfen keine oder nur unwesentliche Auswirkungen auf die Privatsph\u00c3\u00a4re der Besucher haben.<\/p>\n<p>Alle sonstigen Cookies, wie Tracking Cookies, d\u00c3\u00bcrfen nur eingesetzt werden, wenn Sie Appartement &#8222;De Graanzolder&#8220; im Voraus Ihre Zustimmung erteilt haben.<\/p>\n<p>Indem Sie auf die Schaltfl\u00c3\u00a4che \u00e2\u20ac\u017eEinverstanden\u00e2\u20ac\u009d klicken, teilen Sie mit, dass Sie die Verwendung von Cookies und die Verarbeitung von (personenbezogenen) Daten, die mithilfe von Cookies erhoben und verarbeitet werden, akzeptieren.<\/p>\n<p>Mithilfe von Popup-Fenstern werden die Besucher der Website im Voraus um ihre Zustimmung gebeten. Das ist beispielsweise der Fall, wenn die statistischen Daten auch zum Erstellen von Besucherprofilen verwendet werden.<\/p>\n<p>Cookies (und weitere vergleichbare Techniken, wie Javascript) gew\u00c3\u00a4hrleisten beispielsweise, dass Sie auf einer Website angemeldet bleiben und Standort- und Spracheinstellungen gespeichert werden k\u00c3\u00b6nnen (funktional).<\/p>\n<p>Au\u00c3\u0178erdem k\u00c3\u00b6nnen Websitebetreiber mithilfe von Cookies feststellen, wie oft ihre Websites \u00e2\u20ac\u201c und welche Seiten \u00e2\u20ac\u201c von Besuchern angeschaut werden (Statistiken). Cookies werden bei der Nutzung von beispielsweise einer Like-Schaltfl\u00c3\u00a4che (Soziale Medien) verwendet.<\/p>\n<p>Cookies erm\u00c3\u00b6glichen es auch, Informationen zur Nutzung mehrerer Websites zu erfassen (Tracking Cookie). F\u00c3\u00bcr die Nutzung von Cookies hinsichtlich der von Appartement &#8222;De Graanzolder&#8220; erhobenen Informationen gelten unsere Datenschutz- und Cookie-Richtlinien.<\/p>\n<p>Weitere Informationen zur Verarbeitung von (personenbezogenen) Daten entnehmen Sie bitte unseren\u00c2\u00a0Datenschutz-Richtlinien.<\/p>\n<p>&nbsp;<\/p>\n<p>[\/et_pb_text][\/et_pb_column][\/et_pb_row][\/et_pb_section]<\/p>\n","protected":false},"excerpt":{"rendered":"<p>[yoast-breadcrumb]Cookie-Richtlinien Appartement &#8222;De Graanzolder&#8220;\u00c2\u00a0verwendet verschiedene Arten von Cookies (kleine Textdateien, die auf Ihrem Ger\u00c3\u00a4t abgelegt werden) und \u00c3\u00a4hnliche Technologien zur Erhebung von Daten, die zur Erbringung unserer Leistungen erforderlich sind. Mit Cookies k\u00c3\u00b6nnen wir u. a.: Ihre Pr\u00c3\u00a4ferenzen und Einstellungen speichern, Betrug vorbeugen, ein Kontaktformular aufnehmen, Soziale Medien integrieren und die Leistungen unserer Website und [&hellip;]<\/p>\n","protected":false},"author":2,"featured_media":0,"parent":0,"menu_order":0,"comment_status":"closed","ping_status":"closed","template":"","meta":{"_et_pb_use_builder":"on","_et_pb_old_content":"<p>[et_pb_section fb_built=\"1\" _builder_version=\"3.22\"][et_pb_row _builder_version=\"3.25\" background_size=\"initial\" background_position=\"top_left\" background_repeat=\"repeat\"][et_pb_column _builder_version=\"4.0.11\" type=\"4_4\"][et_pb_text _builder_version=\"4.0.11\" hover_enabled=\"0\"]<\/p><p>[yoast_breadcrumb]<\/p><p>[\/et_pb_text][\/et_pb_column][\/et_pb_row][et_pb_row _builder_version=\"3.25\" background_size=\"initial\" background_position=\"top_left\" background_repeat=\"repeat\"][et_pb_column type=\"4_4\" _builder_version=\"3.25\" custom_padding=\"|||\" custom_padding__hover=\"|||\"][et_pb_text _builder_version=\"4.0.11\" z_index_tablet=\"500\" hover_enabled=\"0\"]<\/p><h1>\u00e2\u20ac\u2039Cookie statement<\/h1><p>Appartement \"De Graanzolder\" uses cookies (small text files that are saved on your device) and similar techniques on its website to gather the information we require to provide you with our services. These cookies are used to save your preferences and settings, to combat fraud, to embed contact forms and social media and to analyse the performance of our website and online services.<\/p><p>Appartement \"De Graanzolder\" does not require your permission to use functional cookies and, to a limited extent, analytical cookies. The former are used, for example, to keep track of the contents of your shopping cart. The latter ensure the proper functioning of the site and track visitor numbers and make the site more user-friendly. Both types of cookies have no or limited impact on visitor privacy.<\/p><p>All other types of cookies, such as tracking cookies, are used solely with your express permission, as granted to Appartement \"De Graanzolder\".<\/p><p>By means of a pop-up we ask your consent prior to the use of certain cookies, for example to gather statistical data to create a visitor profile.<\/p><p>By clicking 'I agree', you consent to the use of cookies and the use of (personal) information gathered by said cookies.<\/p><p>Cookies, and similar techniques such as JavaScript, make it possible for you to stay logged on to the site and remember your location and language preferences (functional).<\/p><p>Analytical cookies provide website owners with statistics and insights in the number of site and page visits.<\/p><p>Cookies are also used in social media buttons, such as a Like button.<\/p><p>Tracking cookies are employed to gather information on your web browsing habits.<\/p><p>Our privacy and cookies policies apply to all information gathered by cookies as used on Appartement \"De Graanzolder\"\u00e2\u20ac\u2122s website.<\/p><p>Read our Privacy Policy for more information on how we use (personal) data.<\/p><p>[\/et_pb_text][\/et_pb_column][\/et_pb_row][\/et_pb_section]<\/p>","_et_gb_content_width":"","footnotes":""},"class_list":["post-1403","page","type-page","status-publish","hentry"],"yoast_head":"<!-- This site is optimized with the Yoast SEO plugin v27.4 - https:\/\/yoast.com\/product\/yoast-seo-wordpress\/ -->\n<title>Cookie-Richtlinien - Appartement &quot;de Graanzolder&quot;<\/title>\n<meta name=\"robots\" content=\"noindex, follow, max-snippet:-1, max-image-preview:large, max-video-preview:-1\" \/>\n<meta property=\"og:locale\" content=\"de_DE\" \/>\n<meta property=\"og:type\" content=\"article\" \/>\n<meta property=\"og:title\" content=\"Cookie-Richtlinien - Appartement &quot;de Graanzolder&quot;\" \/>\n<meta property=\"og:description\" content=\"[yoast-breadcrumb]Cookie-Richtlinien Appartement &quot;De Graanzolder&quot;\u00c2\u00a0verwendet verschiedene Arten von Cookies (kleine Textdateien, die auf Ihrem Ger\u00c3\u00a4t abgelegt werden) und \u00c3\u00a4hnliche Technologien zur Erhebung von Daten, die zur Erbringung unserer Leistungen erforderlich sind. Mit Cookies k\u00c3\u00b6nnen wir u. a.: Ihre Pr\u00c3\u00a4ferenzen und Einstellungen speichern, Betrug vorbeugen, ein Kontaktformular aufnehmen, Soziale Medien integrieren und die Leistungen unserer Website und [&hellip;]\" \/>\n<meta property=\"og:url\" content=\"https:\/\/staging.appartementzeeuwsvlaanderen.nl\/de\/cookie-richtlinien\/\" \/>\n<meta property=\"og:site_name\" content=\"Appartement &quot;de Graanzolder&quot;\" \/>\n<meta property=\"article:publisher\" content=\"https:\/\/www.facebook.com\/pages\/category\/Home\/Appartement-de-Graanzolder-Te-huur-1398506763810383\/\" \/>\n<meta property=\"article:modified_time\" content=\"2022-07-23T09:31:12+00:00\" \/>\n<meta property=\"og:image\" content=\"https:\/\/staging.appartementzeeuwsvlaanderen.nl\/wp-content\/uploads\/appartement-1-1-2-e1576491076647.jpg\" \/>\n\t<meta property=\"og:image:width\" content=\"767\" \/>\n\t<meta property=\"og:image:height\" content=\"562\" \/>\n\t<meta property=\"og:image:type\" content=\"image\/jpeg\" \/>\n<meta name=\"twitter:card\" content=\"summary_large_image\" \/>\n<meta name=\"twitter:label1\" content=\"Gesch\u00e4tzte Lesezeit\" \/>\n\t<meta name=\"twitter:data1\" content=\"2\u00a0Minuten\" \/>\n<script type=\"application\/ld+json\" class=\"yoast-schema-graph\">{\"@context\":\"https:\\\/\\\/schema.org\",\"@graph\":[{\"@type\":\"WebPage\",\"@id\":\"https:\\\/\\\/staging.appartementzeeuwsvlaanderen.nl\\\/de\\\/cookie-richtlinien\\\/\",\"url\":\"https:\\\/\\\/staging.appartementzeeuwsvlaanderen.nl\\\/de\\\/cookie-richtlinien\\\/\",\"name\":\"Cookie-Richtlinien - Appartement &quot;de Graanzolder&quot;\",\"isPartOf\":{\"@id\":\"https:\\\/\\\/staging.appartementzeeuwsvlaanderen.nl\\\/de\\\/#website\"},\"datePublished\":\"2020-01-08T14:44:02+00:00\",\"dateModified\":\"2022-07-23T09:31:12+00:00\",\"breadcrumb\":{\"@id\":\"https:\\\/\\\/staging.appartementzeeuwsvlaanderen.nl\\\/de\\\/cookie-richtlinien\\\/#breadcrumb\"},\"inLanguage\":\"de\",\"potentialAction\":[{\"@type\":\"ReadAction\",\"target\":[\"https:\\\/\\\/staging.appartementzeeuwsvlaanderen.nl\\\/de\\\/cookie-richtlinien\\\/\"]}]},{\"@type\":\"BreadcrumbList\",\"@id\":\"https:\\\/\\\/staging.appartementzeeuwsvlaanderen.nl\\\/de\\\/cookie-richtlinien\\\/#breadcrumb\",\"itemListElement\":[{\"@type\":\"ListItem\",\"position\":1,\"name\":\"Home\",\"item\":\"https:\\\/\\\/staging.appartementzeeuwsvlaanderen.nl\\\/de\\\/\"},{\"@type\":\"ListItem\",\"position\":2,\"name\":\"Cookie-Richtlinien\"}]},{\"@type\":\"WebSite\",\"@id\":\"https:\\\/\\\/staging.appartementzeeuwsvlaanderen.nl\\\/de\\\/#website\",\"url\":\"https:\\\/\\\/staging.appartementzeeuwsvlaanderen.nl\\\/de\\\/\",\"name\":\"Appartement &quot;de Graanzolder&quot;\",\"description\":\"Sfeervol overnachten op een unieke locatie in Zeeland\",\"potentialAction\":[{\"@type\":\"SearchAction\",\"target\":{\"@type\":\"EntryPoint\",\"urlTemplate\":\"https:\\\/\\\/staging.appartementzeeuwsvlaanderen.nl\\\/de\\\/?s={search_term_string}\"},\"query-input\":{\"@type\":\"PropertyValueSpecification\",\"valueRequired\":true,\"valueName\":\"search_term_string\"}}],\"inLanguage\":\"de\"}]}<\/script>\n<!-- \/ Yoast SEO plugin. -->","yoast_head_json":{"title":"Cookie-Richtlinien - Appartement &quot;de Graanzolder&quot;","robots":{"index":"noindex","follow":"follow","max-snippet":"max-snippet:-1","max-image-preview":"max-image-preview:large","max-video-preview":"max-video-preview:-1"},"og_locale":"de_DE","og_type":"article","og_title":"Cookie-Richtlinien - Appartement &quot;de Graanzolder&quot;","og_description":"[yoast-breadcrumb]Cookie-Richtlinien Appartement \"De Graanzolder\"\u00c2\u00a0verwendet verschiedene Arten von Cookies (kleine Textdateien, die auf Ihrem Ger\u00c3\u00a4t abgelegt werden) und \u00c3\u00a4hnliche Technologien zur Erhebung von Daten, die zur Erbringung unserer Leistungen erforderlich sind. Mit Cookies k\u00c3\u00b6nnen wir u. a.: Ihre Pr\u00c3\u00a4ferenzen und Einstellungen speichern, Betrug vorbeugen, ein Kontaktformular aufnehmen, Soziale Medien integrieren und die Leistungen unserer Website und [&hellip;]","og_url":"https:\/\/staging.appartementzeeuwsvlaanderen.nl\/de\/cookie-richtlinien\/","og_site_name":"Appartement &quot;de Graanzolder&quot;","article_publisher":"https:\/\/www.facebook.com\/pages\/category\/Home\/Appartement-de-Graanzolder-Te-huur-1398506763810383\/","article_modified_time":"2022-07-23T09:31:12+00:00","og_image":[{"width":767,"height":562,"url":"https:\/\/staging.appartementzeeuwsvlaanderen.nl\/wp-content\/uploads\/appartement-1-1-2-e1576491076647.jpg","type":"image\/jpeg"}],"twitter_card":"summary_large_image","twitter_misc":{"Gesch\u00e4tzte Lesezeit":"2\u00a0Minuten"},"schema":{"@context":"https:\/\/schema.org","@graph":[{"@type":"WebPage","@id":"https:\/\/staging.appartementzeeuwsvlaanderen.nl\/de\/cookie-richtlinien\/","url":"https:\/\/staging.appartementzeeuwsvlaanderen.nl\/de\/cookie-richtlinien\/","name":"Cookie-Richtlinien - Appartement &quot;de Graanzolder&quot;","isPartOf":{"@id":"https:\/\/staging.appartementzeeuwsvlaanderen.nl\/de\/#website"},"datePublished":"2020-01-08T14:44:02+00:00","dateModified":"2022-07-23T09:31:12+00:00","breadcrumb":{"@id":"https:\/\/staging.appartementzeeuwsvlaanderen.nl\/de\/cookie-richtlinien\/#breadcrumb"},"inLanguage":"de","potentialAction":[{"@type":"ReadAction","target":["https:\/\/staging.appartementzeeuwsvlaanderen.nl\/de\/cookie-richtlinien\/"]}]},{"@type":"BreadcrumbList","@id":"https:\/\/staging.appartementzeeuwsvlaanderen.nl\/de\/cookie-richtlinien\/#breadcrumb","itemListElement":[{"@type":"ListItem","position":1,"name":"Home","item":"https:\/\/staging.appartementzeeuwsvlaanderen.nl\/de\/"},{"@type":"ListItem","position":2,"name":"Cookie-Richtlinien"}]},{"@type":"WebSite","@id":"https:\/\/staging.appartementzeeuwsvlaanderen.nl\/de\/#website","url":"https:\/\/staging.appartementzeeuwsvlaanderen.nl\/de\/","name":"Appartement &quot;de Graanzolder&quot;","description":"Sfeervol overnachten op een unieke locatie in Zeeland","potentialAction":[{"@type":"SearchAction","target":{"@type":"EntryPoint","urlTemplate":"https:\/\/staging.appartementzeeuwsvlaanderen.nl\/de\/?s={search_term_string}"},"query-input":{"@type":"PropertyValueSpecification","valueRequired":true,"valueName":"search_term_string"}}],"inLanguage":"de"}]}},"_links":{"self":[{"href":"https:\/\/staging.appartementzeeuwsvlaanderen.nl\/de\/wp-json\/wp\/v2\/pages\/1403","targetHints":{"allow":["GET"]}}],"collection":[{"href":"https:\/\/staging.appartementzeeuwsvlaanderen.nl\/de\/wp-json\/wp\/v2\/pages"}],"about":[{"href":"https:\/\/staging.appartementzeeuwsvlaanderen.nl\/de\/wp-json\/wp\/v2\/types\/page"}],"author":[{"embeddable":true,"href":"https:\/\/staging.appartementzeeuwsvlaanderen.nl\/de\/wp-json\/wp\/v2\/users\/2"}],"replies":[{"embeddable":true,"href":"https:\/\/staging.appartementzeeuwsvlaanderen.nl\/de\/wp-json\/wp\/v2\/comments?post=1403"}],"version-history":[{"count":5,"href":"https:\/\/staging.appartementzeeuwsvlaanderen.nl\/de\/wp-json\/wp\/v2\/pages\/1403\/revisions"}],"predecessor-version":[{"id":1991,"href":"https:\/\/staging.appartementzeeuwsvlaanderen.nl\/de\/wp-json\/wp\/v2\/pages\/1403\/revisions\/1991"}],"wp:attachment":[{"href":"https:\/\/staging.appartementzeeuwsvlaanderen.nl\/de\/wp-json\/wp\/v2\/media?parent=1403"}],"curies":[{"name":"wp","href":"https:\/\/api.w.org\/{rel}","templated":true}]}}