{"id":1121,"date":"2019-11-18T13:21:57","date_gmt":"2019-11-18T13:21:57","guid":{"rendered":"https:\/\/staging.appartementzeeuwsvlaanderen.nl\/?page_id=1121"},"modified":"2024-01-22T13:18:30","modified_gmt":"2024-01-22T12:18:30","slug":"veranstaltungen","status":"publish","type":"page","link":"https:\/\/staging.appartementzeeuwsvlaanderen.nl\/de\/veranstaltungen\/","title":{"rendered":"Veranstaltungen"},"content":{"rendered":"<p>[et_pb_section fb_built=&#8220;1&#8243; module_class=&#8220;visual-sub&#8220; _builder_version=&#8220;4.23.4&#8243; background_color=&#8220;#ffffff&#8220; background_image=&#8220;https:\/\/staging.appartementzeeuwsvlaanderen.nl\/wp-content\/uploads\/strand.jpg&#8220; background_position=&#8220;bottom_center&#8220; custom_margin=&#8220;||||false|false&#8220; custom_padding=&#8220;100px||100px||true|false&#8220; hover_enabled=&#8220;0&#8243; z_index_tablet=&#8220;500&#8243; box_shadow_horizontal_tablet=&#8220;0px&#8220; box_shadow_vertical_tablet=&#8220;0px&#8220; box_shadow_blur_tablet=&#8220;40px&#8220; box_shadow_spread_tablet=&#8220;0px&#8220; global_colors_info=&#8220;{}&#8220; sticky_enabled=&#8220;0&#8243;][et_pb_row column_padding_mobile=&#8220;on&#8220; _builder_version=&#8220;4.16&#8243; background_size=&#8220;initial&#8220; background_position=&#8220;top_left&#8220; background_repeat=&#8220;repeat&#8220; width_phone=&#8220;50px&#8220; max_width_phone=&#8220;1280px&#8220; custom_padding=&#8220;0px||0px|&#8220; z_index_tablet=&#8220;500&#8243; box_shadow_horizontal_tablet=&#8220;0px&#8220; box_shadow_vertical_tablet=&#8220;0px&#8220; box_shadow_blur_tablet=&#8220;40px&#8220; box_shadow_spread_tablet=&#8220;0px&#8220; global_colors_info=&#8220;{}&#8220;][et_pb_column type=&#8220;4_4&#8243; _builder_version=&#8220;4.16&#8243; custom_padding=&#8220;|||&#8220; global_colors_info=&#8220;{}&#8220; custom_padding__hover=&#8220;|||&#8220;][et_pb_text _builder_version=&#8220;4.21.0&#8243; background_size=&#8220;initial&#8220; background_position=&#8220;top_left&#8220; background_repeat=&#8220;repeat&#8220; z_index_tablet=&#8220;500&#8243; text_text_shadow_horizontal_length_tablet=&#8220;0px&#8220; text_text_shadow_vertical_length_tablet=&#8220;0px&#8220; text_text_shadow_blur_strength_tablet=&#8220;1px&#8220; link_text_shadow_horizontal_length_tablet=&#8220;0px&#8220; link_text_shadow_vertical_length_tablet=&#8220;0px&#8220; link_text_shadow_blur_strength_tablet=&#8220;1px&#8220; ul_text_shadow_horizontal_length_tablet=&#8220;0px&#8220; ul_text_shadow_vertical_length_tablet=&#8220;0px&#8220; ul_text_shadow_blur_strength_tablet=&#8220;1px&#8220; ol_text_shadow_horizontal_length_tablet=&#8220;0px&#8220; ol_text_shadow_vertical_length_tablet=&#8220;0px&#8220; ol_text_shadow_blur_strength_tablet=&#8220;1px&#8220; quote_text_shadow_horizontal_length_tablet=&#8220;0px&#8220; quote_text_shadow_vertical_length_tablet=&#8220;0px&#8220; quote_text_shadow_blur_strength_tablet=&#8220;1px&#8220; header_text_shadow_horizontal_length_tablet=&#8220;0px&#8220; header_text_shadow_vertical_length_tablet=&#8220;0px&#8220; header_text_shadow_blur_strength_tablet=&#8220;1px&#8220; header_2_text_shadow_horizontal_length_tablet=&#8220;0px&#8220; header_2_text_shadow_vertical_length_tablet=&#8220;0px&#8220; header_2_text_shadow_blur_strength_tablet=&#8220;1px&#8220; header_3_text_shadow_horizontal_length_tablet=&#8220;0px&#8220; header_3_text_shadow_vertical_length_tablet=&#8220;0px&#8220; header_3_text_shadow_blur_strength_tablet=&#8220;1px&#8220; header_4_text_shadow_horizontal_length_tablet=&#8220;0px&#8220; header_4_text_shadow_vertical_length_tablet=&#8220;0px&#8220; header_4_text_shadow_blur_strength_tablet=&#8220;1px&#8220; header_5_text_shadow_horizontal_length_tablet=&#8220;0px&#8220; header_5_text_shadow_vertical_length_tablet=&#8220;0px&#8220; header_5_text_shadow_blur_strength_tablet=&#8220;1px&#8220; header_6_text_shadow_horizontal_length_tablet=&#8220;0px&#8220; header_6_text_shadow_vertical_length_tablet=&#8220;0px&#8220; header_6_text_shadow_blur_strength_tablet=&#8220;1px&#8220; box_shadow_horizontal_tablet=&#8220;0px&#8220; box_shadow_vertical_tablet=&#8220;0px&#8220; box_shadow_blur_tablet=&#8220;40px&#8220; box_shadow_spread_tablet=&#8220;0px&#8220; use_border_color=&#8220;off&#8220; global_colors_info=&#8220;{}&#8220;]<span><span><a href=\"https:\/\/staging.appartementzeeuwsvlaanderen.nl\/de\/\">Home<\/a><\/span><\/span>[\/et_pb_text][\/et_pb_column][\/et_pb_row][\/et_pb_section][et_pb_section fb_built=&#8220;1&#8243; _builder_version=&#8220;4.16&#8243; background_color=&#8220;#ffffff&#8220; z_index_tablet=&#8220;500&#8243; box_shadow_horizontal_tablet=&#8220;0px&#8220; box_shadow_vertical_tablet=&#8220;0px&#8220; box_shadow_blur_tablet=&#8220;40px&#8220; box_shadow_spread_tablet=&#8220;0px&#8220; global_colors_info=&#8220;{}&#8220;][et_pb_row column_structure=&#8220;1_2,1_2&#8243; make_equal=&#8220;on&#8220; _builder_version=&#8220;4.16&#8243; background_color=&#8220;#ffffff&#8220; z_index_tablet=&#8220;500&#8243; box_shadow_horizontal_tablet=&#8220;0px&#8220; box_shadow_vertical_tablet=&#8220;0px&#8220; box_shadow_blur_tablet=&#8220;40px&#8220; box_shadow_spread_tablet=&#8220;0px&#8220; global_colors_info=&#8220;{}&#8220;][et_pb_column type=&#8220;1_2&#8243; _builder_version=&#8220;4.16&#8243; custom_padding=&#8220;|||&#8220; global_colors_info=&#8220;{}&#8220; custom_padding__hover=&#8220;|||&#8220;][et_pb_text _builder_version=&#8220;4.23.4&#8243; hover_enabled=&#8220;0&#8243; z_index_tablet=&#8220;500&#8243; text_text_shadow_horizontal_length_tablet=&#8220;0px&#8220; text_text_shadow_vertical_length_tablet=&#8220;0px&#8220; text_text_shadow_blur_strength_tablet=&#8220;1px&#8220; link_text_shadow_horizontal_length_tablet=&#8220;0px&#8220; link_text_shadow_vertical_length_tablet=&#8220;0px&#8220; link_text_shadow_blur_strength_tablet=&#8220;1px&#8220; ul_text_shadow_horizontal_length_tablet=&#8220;0px&#8220; ul_text_shadow_vertical_length_tablet=&#8220;0px&#8220; ul_text_shadow_blur_strength_tablet=&#8220;1px&#8220; ol_text_shadow_horizontal_length_tablet=&#8220;0px&#8220; ol_text_shadow_vertical_length_tablet=&#8220;0px&#8220; ol_text_shadow_blur_strength_tablet=&#8220;1px&#8220; quote_text_shadow_horizontal_length_tablet=&#8220;0px&#8220; quote_text_shadow_vertical_length_tablet=&#8220;0px&#8220; quote_text_shadow_blur_strength_tablet=&#8220;1px&#8220; box_shadow_horizontal_tablet=&#8220;0px&#8220; box_shadow_vertical_tablet=&#8220;0px&#8220; box_shadow_blur_tablet=&#8220;40px&#8220; box_shadow_spread_tablet=&#8220;0px&#8220; global_colors_info=&#8220;{}&#8220; header_2_text_color=&#8220;#bd8956&#8243; header_2_font_size=&#8220;30px&#8220; header_2_font_size_tablet=&#8220;27px&#8220; header_2_font_size_phone=&#8220;24px&#8220; header_2_font_size_last_edited=&#8220;on|phone&#8220; sticky_enabled=&#8220;0&#8243;]<\/p>\n<h2>Veranstaltungen<\/h2>\n<p>[\/et_pb_text][\/et_pb_column][et_pb_column type=&#8220;1_2&#8243; _builder_version=&#8220;4.16&#8243; custom_padding=&#8220;|||&#8220; global_colors_info=&#8220;{}&#8220; custom_padding__hover=&#8220;|||&#8220;][et_pb_text _builder_version=&#8220;4.23.4&#8243; hover_enabled=&#8220;0&#8243; z_index_tablet=&#8220;500&#8243; text_text_shadow_horizontal_length_tablet=&#8220;0px&#8220; text_text_shadow_vertical_length_tablet=&#8220;0px&#8220; text_text_shadow_blur_strength_tablet=&#8220;1px&#8220; link_text_shadow_horizontal_length_tablet=&#8220;0px&#8220; link_text_shadow_vertical_length_tablet=&#8220;0px&#8220; link_text_shadow_blur_strength_tablet=&#8220;1px&#8220; ul_text_shadow_horizontal_length_tablet=&#8220;0px&#8220; ul_text_shadow_vertical_length_tablet=&#8220;0px&#8220; ul_text_shadow_blur_strength_tablet=&#8220;1px&#8220; ol_text_shadow_horizontal_length_tablet=&#8220;0px&#8220; ol_text_shadow_vertical_length_tablet=&#8220;0px&#8220; ol_text_shadow_blur_strength_tablet=&#8220;1px&#8220; quote_text_shadow_horizontal_length_tablet=&#8220;0px&#8220; quote_text_shadow_vertical_length_tablet=&#8220;0px&#8220; quote_text_shadow_blur_strength_tablet=&#8220;1px&#8220; box_shadow_horizontal_tablet=&#8220;0px&#8220; box_shadow_vertical_tablet=&#8220;0px&#8220; box_shadow_blur_tablet=&#8220;40px&#8220; box_shadow_spread_tablet=&#8220;0px&#8220; global_colors_info=&#8220;{}&#8220; header_2_text_color=&#8220;#bd8956&#8243; header_2_font_size=&#8220;30px&#8220; header_2_font_size_tablet=&#8220;27px&#8220; header_2_font_size_phone=&#8220;24px&#8220; header_2_font_size_last_edited=&#8220;on|phone&#8220; sticky_enabled=&#8220;0&#8243;]<\/p>\n<h2>Wochenm\u00e4rkte<\/h2>\n<p>Lassen Sie sich auf den Wochenm\u00e4rkten in der Gemeinde Sluis \u00fcberraschen!<\/p>\n<p>[\/et_pb_text][et_pb_text _builder_version=&#8220;4.19.5&#8243; hover_enabled=&#8220;0&#8243; z_index_tablet=&#8220;500&#8243; text_text_shadow_horizontal_length_tablet=&#8220;0px&#8220; text_text_shadow_vertical_length_tablet=&#8220;0px&#8220; text_text_shadow_blur_strength_tablet=&#8220;1px&#8220; link_text_shadow_horizontal_length_tablet=&#8220;0px&#8220; link_text_shadow_vertical_length_tablet=&#8220;0px&#8220; link_text_shadow_blur_strength_tablet=&#8220;1px&#8220; ul_text_shadow_horizontal_length_tablet=&#8220;0px&#8220; ul_text_shadow_vertical_length_tablet=&#8220;0px&#8220; ul_text_shadow_blur_strength_tablet=&#8220;1px&#8220; ol_text_shadow_horizontal_length_tablet=&#8220;0px&#8220; ol_text_shadow_vertical_length_tablet=&#8220;0px&#8220; ol_text_shadow_blur_strength_tablet=&#8220;1px&#8220; quote_text_shadow_horizontal_length_tablet=&#8220;0px&#8220; quote_text_shadow_vertical_length_tablet=&#8220;0px&#8220; quote_text_shadow_blur_strength_tablet=&#8220;1px&#8220; header_text_shadow_horizontal_length_tablet=&#8220;0px&#8220; header_text_shadow_vertical_length_tablet=&#8220;0px&#8220; header_text_shadow_blur_strength_tablet=&#8220;1px&#8220; header_2_text_shadow_horizontal_length_tablet=&#8220;0px&#8220; header_2_text_shadow_vertical_length_tablet=&#8220;0px&#8220; header_2_text_shadow_blur_strength_tablet=&#8220;1px&#8220; header_3_text_shadow_horizontal_length_tablet=&#8220;0px&#8220; header_3_text_shadow_vertical_length_tablet=&#8220;0px&#8220; header_3_text_shadow_blur_strength_tablet=&#8220;1px&#8220; header_4_text_shadow_horizontal_length_tablet=&#8220;0px&#8220; header_4_text_shadow_vertical_length_tablet=&#8220;0px&#8220; header_4_text_shadow_blur_strength_tablet=&#8220;1px&#8220; header_5_text_shadow_horizontal_length_tablet=&#8220;0px&#8220; header_5_text_shadow_vertical_length_tablet=&#8220;0px&#8220; header_5_text_shadow_blur_strength_tablet=&#8220;1px&#8220; header_6_text_shadow_horizontal_length_tablet=&#8220;0px&#8220; header_6_text_shadow_vertical_length_tablet=&#8220;0px&#8220; header_6_text_shadow_blur_strength_tablet=&#8220;1px&#8220; box_shadow_horizontal_tablet=&#8220;0px&#8220; box_shadow_vertical_tablet=&#8220;0px&#8220; box_shadow_blur_tablet=&#8220;40px&#8220; box_shadow_spread_tablet=&#8220;0px&#8220; global_colors_info=&#8220;{}&#8220; sticky_enabled=&#8220;0&#8243;]<\/p>\n<p><strong>Montag in Breskens<\/strong><br \/>8.00 bis 12.00 Uhr auf dem Oranjeplein<\/p>\n<p><strong>Dienstag in Aardenburg<\/strong><br \/>8.00 bis 12.00 Uhr auf dem Kaaiplein<\/p>\n<p><strong>Mittwoch in Oostburg<\/strong><br \/>8.00 bis 16.00 Uhr auf dem Markt und Ledelplein<\/p>\n<p><strong>Freitag Sluis<\/strong><br \/>8.00 bis 16.00 Uhr auf dem Groote Markt<\/p>\n<p><strong>Samstag in IJzendijke<\/strong><br \/>8.00 bis 12.00 Uhr auf dem Markt<\/p>\n<p><strong>In den Monaten Juli und August<\/strong><br \/>Cadzand-Bad in der N\u00e4he des Einkaufszentrums am Montag von 13.00 bis 20.00 Uhr.<\/p>\n<p>[\/et_pb_text][\/et_pb_column][\/et_pb_row][\/et_pb_section]<\/p>\n","protected":false},"excerpt":{"rendered":"<p><span><span><a href=\"https:\/\/staging.appartementzeeuwsvlaanderen.nl\/de\/\">Home<\/a><\/span><\/span>VeranstaltungenWochenm\u00e4rkte Lassen Sie sich auf den Wochenm\u00e4rkten in der Gemeinde Sluis \u00fcberraschen!Montag in Breskens8.00 bis 12.00 Uhr auf dem Oranjeplein Dienstag in Aardenburg8.00 bis 12.00 Uhr auf dem Kaaiplein Mittwoch in Oostburg8.00 bis 16.00 Uhr auf dem Markt und Ledelplein Freitag Sluis8.00 bis 16.00 Uhr auf dem Groote Markt Samstag in IJzendijke8.00 bis 12.00 Uhr [&hellip;]<\/p>\n","protected":false},"author":2,"featured_media":0,"parent":0,"menu_order":0,"comment_status":"closed","ping_status":"closed","template":"","meta":{"_et_pb_use_builder":"on","_et_pb_old_content":"<p>Lorem ipsum dolor sit amet, consectetur adipisicing elit, sed do eiusmod tempor incididunt ut labore et dolore magna aliqua. Ut enim ad minim veniam, quis nostrud exercitation ullamco laboris nisi ut aliquip ex ea commodo consequat. Duis aute irure dolor in reprehenderit in voluptate velit esse cillum dolore eu fugiat nulla pariatur. Excepteur sint occaecat cupidatat non proident, sunt in culpa qui officia deserunt mollit anim id est laborum.<\/p>","_et_gb_content_width":"","footnotes":""},"class_list":["post-1121","page","type-page","status-publish","hentry"],"yoast_head":"<!-- This site is optimized with the Yoast SEO plugin v27.4 - https:\/\/yoast.com\/product\/yoast-seo-wordpress\/ -->\n<title>Veranstaltungen - Appartement &quot;de Graanzolder&quot;<\/title>\n<meta name=\"robots\" content=\"noindex, follow, max-snippet:-1, max-image-preview:large, max-video-preview:-1\" \/>\n<meta property=\"og:locale\" content=\"de_DE\" \/>\n<meta property=\"og:type\" content=\"article\" \/>\n<meta property=\"og:title\" content=\"Veranstaltungen - Appartement &quot;de Graanzolder&quot;\" \/>\n<meta property=\"og:description\" content=\"VeranstaltungenWochenm\u00e4rkte Lassen Sie sich auf den Wochenm\u00e4rkten in der Gemeinde Sluis \u00fcberraschen!Montag in Breskens8.00 bis 12.00 Uhr auf dem Oranjeplein Dienstag in Aardenburg8.00 bis 12.00 Uhr auf dem Kaaiplein Mittwoch in Oostburg8.00 bis 16.00 Uhr auf dem Markt und Ledelplein Freitag Sluis8.00 bis 16.00 Uhr auf dem Groote Markt Samstag in IJzendijke8.00 bis 12.00 Uhr [&hellip;]\" \/>\n<meta property=\"og:url\" content=\"https:\/\/staging.appartementzeeuwsvlaanderen.nl\/de\/veranstaltungen\/\" \/>\n<meta property=\"og:site_name\" content=\"Appartement &quot;de Graanzolder&quot;\" \/>\n<meta property=\"article:publisher\" content=\"https:\/\/www.facebook.com\/pages\/category\/Home\/Appartement-de-Graanzolder-Te-huur-1398506763810383\/\" \/>\n<meta property=\"article:modified_time\" content=\"2024-01-22T12:18:30+00:00\" \/>\n<meta property=\"og:image\" content=\"https:\/\/staging.appartementzeeuwsvlaanderen.nl\/wp-content\/uploads\/appartement-1-1-2-e1576491076647.jpg\" \/>\n\t<meta property=\"og:image:width\" content=\"767\" \/>\n\t<meta property=\"og:image:height\" content=\"562\" \/>\n\t<meta property=\"og:image:type\" content=\"image\/jpeg\" \/>\n<meta name=\"twitter:card\" content=\"summary_large_image\" \/>\n<meta name=\"twitter:label1\" content=\"Gesch\u00e4tzte Lesezeit\" \/>\n\t<meta name=\"twitter:data1\" content=\"1\u00a0Minute\" \/>\n<script type=\"application\/ld+json\" class=\"yoast-schema-graph\">{\"@context\":\"https:\\\/\\\/schema.org\",\"@graph\":[{\"@type\":\"WebPage\",\"@id\":\"https:\\\/\\\/staging.appartementzeeuwsvlaanderen.nl\\\/de\\\/veranstaltungen\\\/\",\"url\":\"https:\\\/\\\/staging.appartementzeeuwsvlaanderen.nl\\\/de\\\/veranstaltungen\\\/\",\"name\":\"Veranstaltungen - Appartement &quot;de Graanzolder&quot;\",\"isPartOf\":{\"@id\":\"https:\\\/\\\/staging.appartementzeeuwsvlaanderen.nl\\\/de\\\/#website\"},\"datePublished\":\"2019-11-18T13:21:57+00:00\",\"dateModified\":\"2024-01-22T12:18:30+00:00\",\"breadcrumb\":{\"@id\":\"https:\\\/\\\/staging.appartementzeeuwsvlaanderen.nl\\\/de\\\/veranstaltungen\\\/#breadcrumb\"},\"inLanguage\":\"de\",\"potentialAction\":[{\"@type\":\"ReadAction\",\"target\":[\"https:\\\/\\\/staging.appartementzeeuwsvlaanderen.nl\\\/de\\\/veranstaltungen\\\/\"]}]},{\"@type\":\"BreadcrumbList\",\"@id\":\"https:\\\/\\\/staging.appartementzeeuwsvlaanderen.nl\\\/de\\\/veranstaltungen\\\/#breadcrumb\",\"itemListElement\":[{\"@type\":\"ListItem\",\"position\":1,\"name\":\"Home\",\"item\":\"https:\\\/\\\/staging.appartementzeeuwsvlaanderen.nl\\\/de\\\/\"},{\"@type\":\"ListItem\",\"position\":2,\"name\":\"Veranstaltungen\"}]},{\"@type\":\"WebSite\",\"@id\":\"https:\\\/\\\/staging.appartementzeeuwsvlaanderen.nl\\\/de\\\/#website\",\"url\":\"https:\\\/\\\/staging.appartementzeeuwsvlaanderen.nl\\\/de\\\/\",\"name\":\"Appartement &quot;de Graanzolder&quot;\",\"description\":\"Sfeervol overnachten op een unieke locatie in Zeeland\",\"potentialAction\":[{\"@type\":\"SearchAction\",\"target\":{\"@type\":\"EntryPoint\",\"urlTemplate\":\"https:\\\/\\\/staging.appartementzeeuwsvlaanderen.nl\\\/de\\\/?s={search_term_string}\"},\"query-input\":{\"@type\":\"PropertyValueSpecification\",\"valueRequired\":true,\"valueName\":\"search_term_string\"}}],\"inLanguage\":\"de\"}]}<\/script>\n<!-- \/ Yoast SEO plugin. -->","yoast_head_json":{"title":"Veranstaltungen - Appartement &quot;de Graanzolder&quot;","robots":{"index":"noindex","follow":"follow","max-snippet":"max-snippet:-1","max-image-preview":"max-image-preview:large","max-video-preview":"max-video-preview:-1"},"og_locale":"de_DE","og_type":"article","og_title":"Veranstaltungen - Appartement &quot;de Graanzolder&quot;","og_description":"VeranstaltungenWochenm\u00e4rkte Lassen Sie sich auf den Wochenm\u00e4rkten in der Gemeinde Sluis \u00fcberraschen!Montag in Breskens8.00 bis 12.00 Uhr auf dem Oranjeplein Dienstag in Aardenburg8.00 bis 12.00 Uhr auf dem Kaaiplein Mittwoch in Oostburg8.00 bis 16.00 Uhr auf dem Markt und Ledelplein Freitag Sluis8.00 bis 16.00 Uhr auf dem Groote Markt Samstag in IJzendijke8.00 bis 12.00 Uhr [&hellip;]","og_url":"https:\/\/staging.appartementzeeuwsvlaanderen.nl\/de\/veranstaltungen\/","og_site_name":"Appartement &quot;de Graanzolder&quot;","article_publisher":"https:\/\/www.facebook.com\/pages\/category\/Home\/Appartement-de-Graanzolder-Te-huur-1398506763810383\/","article_modified_time":"2024-01-22T12:18:30+00:00","og_image":[{"width":767,"height":562,"url":"https:\/\/staging.appartementzeeuwsvlaanderen.nl\/wp-content\/uploads\/appartement-1-1-2-e1576491076647.jpg","type":"image\/jpeg"}],"twitter_card":"summary_large_image","twitter_misc":{"Gesch\u00e4tzte Lesezeit":"1\u00a0Minute"},"schema":{"@context":"https:\/\/schema.org","@graph":[{"@type":"WebPage","@id":"https:\/\/staging.appartementzeeuwsvlaanderen.nl\/de\/veranstaltungen\/","url":"https:\/\/staging.appartementzeeuwsvlaanderen.nl\/de\/veranstaltungen\/","name":"Veranstaltungen - Appartement &quot;de Graanzolder&quot;","isPartOf":{"@id":"https:\/\/staging.appartementzeeuwsvlaanderen.nl\/de\/#website"},"datePublished":"2019-11-18T13:21:57+00:00","dateModified":"2024-01-22T12:18:30+00:00","breadcrumb":{"@id":"https:\/\/staging.appartementzeeuwsvlaanderen.nl\/de\/veranstaltungen\/#breadcrumb"},"inLanguage":"de","potentialAction":[{"@type":"ReadAction","target":["https:\/\/staging.appartementzeeuwsvlaanderen.nl\/de\/veranstaltungen\/"]}]},{"@type":"BreadcrumbList","@id":"https:\/\/staging.appartementzeeuwsvlaanderen.nl\/de\/veranstaltungen\/#breadcrumb","itemListElement":[{"@type":"ListItem","position":1,"name":"Home","item":"https:\/\/staging.appartementzeeuwsvlaanderen.nl\/de\/"},{"@type":"ListItem","position":2,"name":"Veranstaltungen"}]},{"@type":"WebSite","@id":"https:\/\/staging.appartementzeeuwsvlaanderen.nl\/de\/#website","url":"https:\/\/staging.appartementzeeuwsvlaanderen.nl\/de\/","name":"Appartement &quot;de Graanzolder&quot;","description":"Sfeervol overnachten op een unieke locatie in Zeeland","potentialAction":[{"@type":"SearchAction","target":{"@type":"EntryPoint","urlTemplate":"https:\/\/staging.appartementzeeuwsvlaanderen.nl\/de\/?s={search_term_string}"},"query-input":{"@type":"PropertyValueSpecification","valueRequired":true,"valueName":"search_term_string"}}],"inLanguage":"de"}]}},"_links":{"self":[{"href":"https:\/\/staging.appartementzeeuwsvlaanderen.nl\/de\/wp-json\/wp\/v2\/pages\/1121","targetHints":{"allow":["GET"]}}],"collection":[{"href":"https:\/\/staging.appartementzeeuwsvlaanderen.nl\/de\/wp-json\/wp\/v2\/pages"}],"about":[{"href":"https:\/\/staging.appartementzeeuwsvlaanderen.nl\/de\/wp-json\/wp\/v2\/types\/page"}],"author":[{"embeddable":true,"href":"https:\/\/staging.appartementzeeuwsvlaanderen.nl\/de\/wp-json\/wp\/v2\/users\/2"}],"replies":[{"embeddable":true,"href":"https:\/\/staging.appartementzeeuwsvlaanderen.nl\/de\/wp-json\/wp\/v2\/comments?post=1121"}],"version-history":[{"count":6,"href":"https:\/\/staging.appartementzeeuwsvlaanderen.nl\/de\/wp-json\/wp\/v2\/pages\/1121\/revisions"}],"predecessor-version":[{"id":3165,"href":"https:\/\/staging.appartementzeeuwsvlaanderen.nl\/de\/wp-json\/wp\/v2\/pages\/1121\/revisions\/3165"}],"wp:attachment":[{"href":"https:\/\/staging.appartementzeeuwsvlaanderen.nl\/de\/wp-json\/wp\/v2\/media?parent=1121"}],"curies":[{"name":"wp","href":"https:\/\/api.w.org\/{rel}","templated":true}]}}